{"id":255277,"date":"2023-11-13T15:45:24","date_gmt":"2023-11-13T14:45:24","guid":{"rendered":"https:\/\/www.klaas-direktimport.de\/?page_id=255277"},"modified":"2023-11-14T10:21:02","modified_gmt":"2023-11-14T09:21:02","slug":"produkte","status":"publish","type":"page","link":"https:\/\/www.klaas-direktimport.de\/?page_id=255277","title":{"rendered":"Produkte"},"content":{"rendered":"<p>[et_pb_section fb_built=&#8220;1&#8243; next_background_color=&#8220;#ffffff&#8220; _builder_version=&#8220;4.23.1&#8243; _module_preset=&#8220;default&#8220; background_color=&#8220;#4892ad&#8220; custom_padding=&#8220;||278px||false|false&#8220; top_divider_arrangement=&#8220;above_content&#8220; bottom_divider_style=&#8220;wave2&#8243; bottom_divider_arrangement=&#8220;above_content&#8220; hover_transition_speed_curve=&#8220;linear&#8220; global_colors_info=&#8220;{}&#8220;][et_pb_row _builder_version=&#8220;4.23.1&#8243; _module_preset=&#8220;default&#8220; custom_margin=&#8220;|auto|-285px|auto||&#8220; custom_padding=&#8220;50px||||false|false&#8220; hover_enabled=&#8220;0&#8243; global_colors_info=&#8220;{}&#8220; background_enable_color=&#8220;off&#8220; sticky_enabled=&#8220;0&#8243;][et_pb_column type=&#8220;4_4&#8243; _builder_version=&#8220;4.23.1&#8243; _module_preset=&#8220;default&#8220; global_colors_info=&#8220;{}&#8220;][et_pb_image src=&#8220;https:\/\/www.klaas-direktimport.de\/wp-content\/uploads\/2023\/11\/klaas_header_produkte_01.jpg&#8220; title_text=&#8220;klaas_header_produkte_01&#8243; align=&#8220;center&#8220; force_fullwidth=&#8220;on&#8220; _builder_version=&#8220;4.23.1&#8243; _module_preset=&#8220;default&#8220; custom_margin=&#8220;-103px||||false|false&#8220; global_colors_info=&#8220;{}&#8220;][\/et_pb_image][\/et_pb_column][\/et_pb_row][\/et_pb_section][et_pb_section fb_built=&#8220;1&#8243; _builder_version=&#8220;4.23.1&#8243; _module_preset=&#8220;default&#8220; min_height=&#8220;678px&#8220; custom_margin=&#8220;2px||||false|false&#8220; custom_padding=&#8220;0px||6px|||&#8220; global_colors_info=&#8220;{}&#8220;][et_pb_row _builder_version=&#8220;4.23.1&#8243; _module_preset=&#8220;default&#8220; global_colors_info=&#8220;{}&#8220;][et_pb_column type=&#8220;4_4&#8243; _builder_version=&#8220;4.23.1&#8243; _module_preset=&#8220;default&#8220; box_shadow_style=&#8220;preset4&#8243; box_shadow_blur=&#8220;14px&#8220; global_colors_info=&#8220;{}&#8220;][et_pb_text _builder_version=&#8220;4.23.1&#8243; _module_preset=&#8220;default&#8220; custom_padding=&#8220;1px|||||&#8220; global_colors_info=&#8220;{}&#8220;]<\/p>\n<h3 class=\"csc-firstHeader\">PRODUKTVIELFALT VON A-Z<\/h3>\n<p>[\/et_pb_text][et_pb_text _builder_version=&#8220;4.23.1&#8243; _module_preset=&#8220;default&#8220; global_colors_info=&#8220;{}&#8220;]<\/p>\n<p><span>All unsere Service- und Dienstleistungen im Beschaffungswesen, erg\u00e4nzen sich durch ein vielf\u00e4ltiges Angebot von innovativen Produkten in bestm\u00f6glicher Qualit\u00e4t und ausgezeichneten Designs.<\/span><br \/><span>F\u00fcr unsere Kunden bedeutet dies eine unbegrenzte Vielfalt an Auswahlm\u00f6glichkeiten. Unsere Erfahrung im Beschaffungswesen setzen wir ein um Ihnen im Vorfeld den Weg zur Entscheidung f\u00fcr ein Wunschprodukt zu erleichtern.<\/span><br \/><span>Unser Mehrwert erhalten Sie durch einen optimal abgestimmten Serviceablauf, der nach Ihrer Produktplatzierung und dem Verkauf an Ihre Endkunden als zus\u00e4tzliche Dienstleistung von uns durchgef\u00fchrt wird.<\/span><br \/><span>Nichts ist unm\u00f6glich, fordern Sie uns. Entdecken und entwickeln Sie mit uns gemeinsam neue Produktideen und bereichern Sie Ihr Angebot.<\/span><\/p>\n<p>[\/et_pb_text][\/et_pb_column][\/et_pb_row][\/et_pb_section]<\/p>\n","protected":false},"excerpt":{"rendered":"<p>PRODUKTVIELFALT VON A-ZAll unsere Service- und Dienstleistungen im Beschaffungswesen, erg\u00e4nzen sich durch ein vielf\u00e4ltiges Angebot von innovativen Produkten in bestm\u00f6glicher Qualit\u00e4t und ausgezeichneten Designs.F\u00fcr unsere Kunden bedeutet dies eine unbegrenzte Vielfalt an Auswahlm\u00f6glichkeiten. Unsere Erfahrung im Beschaffungswesen setzen wir ein um Ihnen im Vorfeld den Weg zur Entscheidung f\u00fcr ein Wunschprodukt zu erleichtern.Unser Mehrwert erhalten Sie durch einen optimal abgestimmten Serviceablauf, der nach Ihrer Produktplatzierung und dem Verkauf an Ihre Endkunden als zus\u00e4tzliche Dienstleistung von uns durchgef\u00fchrt wird.Nichts ist unm\u00f6glich, fordern Sie uns. Entdecken und entwickeln Sie mit uns gemeinsam neue Produktideen und bereichern Sie Ihr Angebot.<\/p>\n","protected":false},"author":1,"featured_media":0,"parent":0,"menu_order":0,"comment_status":"closed","ping_status":"closed","template":"","meta":{"_et_pb_use_builder":"on","_et_pb_old_content":"","_et_gb_content_width":"","footnotes":""},"class_list":["post-255277","page","type-page","status-publish","hentry"],"_links":{"self":[{"href":"https:\/\/www.klaas-direktimport.de\/index.php?rest_route=\/wp\/v2\/pages\/255277","targetHints":{"allow":["GET"]}}],"collection":[{"href":"https:\/\/www.klaas-direktimport.de\/index.php?rest_route=\/wp\/v2\/pages"}],"about":[{"href":"https:\/\/www.klaas-direktimport.de\/index.php?rest_route=\/wp\/v2\/types\/page"}],"author":[{"embeddable":true,"href":"https:\/\/www.klaas-direktimport.de\/index.php?rest_route=\/wp\/v2\/users\/1"}],"replies":[{"embeddable":true,"href":"https:\/\/www.klaas-direktimport.de\/index.php?rest_route=%2Fwp%2Fv2%2Fcomments&post=255277"}],"version-history":[{"count":6,"href":"https:\/\/www.klaas-direktimport.de\/index.php?rest_route=\/wp\/v2\/pages\/255277\/revisions"}],"predecessor-version":[{"id":255380,"href":"https:\/\/www.klaas-direktimport.de\/index.php?rest_route=\/wp\/v2\/pages\/255277\/revisions\/255380"}],"wp:attachment":[{"href":"https:\/\/www.klaas-direktimport.de\/index.php?rest_route=%2Fwp%2Fv2%2Fmedia&parent=255277"}],"curies":[{"name":"wp","href":"https:\/\/api.w.org\/{rel}","templated":true}]}}