{"id":255300,"date":"2023-11-13T16:01:40","date_gmt":"2023-11-13T15:01:40","guid":{"rendered":"https:\/\/www.klaas-direktimport.de\/?page_id=255300"},"modified":"2025-03-04T08:58:53","modified_gmt":"2025-03-04T07:58:53","slug":"logisitk","status":"publish","type":"page","link":"https:\/\/www.klaas-direktimport.de\/?page_id=255300","title":{"rendered":"Logistik"},"content":{"rendered":"\n[et_pb_section fb_built=&#8220;1&#8243; next_background_color=&#8220;#ffffff&#8220; _builder_version=&#8220;4.23.1&#8243; _module_preset=&#8220;default&#8220; background_color=&#8220;#4892ad&#8220; custom_padding=&#8220;||279px||false|false&#8220; top_divider_arrangement=&#8220;above_content&#8220; bottom_divider_style=&#8220;wave2&#8243; bottom_divider_arrangement=&#8220;above_content&#8220; hover_transition_speed_curve=&#8220;linear&#8220; global_colors_info=&#8220;{}&#8220;][et_pb_row _builder_version=&#8220;4.23.1&#8243; _module_preset=&#8220;default&#8220; custom_margin=&#8220;|auto|-285px|auto||&#8220; custom_padding=&#8220;50px||||false|false&#8220; hover_enabled=&#8220;0&#8243; global_colors_info=&#8220;{}&#8220; background_enable_color=&#8220;off&#8220; sticky_enabled=&#8220;0&#8243;][et_pb_column type=&#8220;4_4&#8243; _builder_version=&#8220;4.23.1&#8243; _module_preset=&#8220;default&#8220; global_colors_info=&#8220;{}&#8220;][et_pb_image src=&#8220;https:\/\/www.klaas-direktimport.de\/wp-content\/uploads\/2023\/11\/klaas_header_logistik_01.jpg&#8220; title_text=&#8220;klaas_header_logistik_01&#8243; force_fullwidth=&#8220;on&#8220; _builder_version=&#8220;4.23.1&#8243; _module_preset=&#8220;default&#8220; custom_margin=&#8220;-103px||||false|false&#8220; global_colors_info=&#8220;{}&#8220;][\/et_pb_image][\/et_pb_column][\/et_pb_row][\/et_pb_section][et_pb_section fb_built=&#8220;1&#8243; _builder_version=&#8220;4.23.1&#8243; _module_preset=&#8220;default&#8220; min_height=&#8220;678px&#8220; custom_margin=&#8220;2px||||false|false&#8220; custom_padding=&#8220;0px||6px|||&#8220; global_colors_info=&#8220;{}&#8220;][et_pb_row _builder_version=&#8220;4.23.1&#8243; _module_preset=&#8220;default&#8220; global_colors_info=&#8220;{}&#8220;][et_pb_column type=&#8220;4_4&#8243; _builder_version=&#8220;4.23.1&#8243; _module_preset=&#8220;default&#8220; global_colors_info=&#8220;{}&#8220;][et_pb_text _builder_version=&#8220;4.23.1&#8243; _module_preset=&#8220;default&#8220; global_colors_info=&#8220;{}&#8220;]<h4><strong>LOGISTIKMANAGEMENT<\/strong><span>\u00a0<\/span>VON A NACH B<\/h4>\n<p>Produkte, die wir in Fernost f\u00fcr Sie fertigen lassen, gelangen in der Regel auf dem Seeweg nach Deutschland. Hier k\u00f6nnen sie von uns weitertransportiert oder von Ihrer Logistik \u00fcbernommen werden. Beauftragen Sie uns, wie viele unserer Kunden, mit dem kompletten Logistikmanagement, hat unser Logistikzentrum vor Ort bereits alles Weitere f\u00fcr die p\u00fcnktliche Belieferung geregelt.<\/p>[\/et_pb_text][\/et_pb_column][\/et_pb_row][et_pb_row column_structure=&#8220;1_3,2_3&#8243; _builder_version=&#8220;4.23.1&#8243; _module_preset=&#8220;default&#8220; global_colors_info=&#8220;{}&#8220;][et_pb_column type=&#8220;1_3&#8243; _builder_version=&#8220;4.23.1&#8243; _module_preset=&#8220;default&#8220; global_colors_info=&#8220;{}&#8220;][et_pb_text _builder_version=&#8220;4.23.1&#8243; _module_preset=&#8220;default&#8220; background_color=&#8220;#d8edf2&#8243; box_shadow_style=&#8220;preset4&#8243; box_shadow_blur=&#8220;14px&#8220; global_colors_info=&#8220;{}&#8220;]<header class=\"csc-header csc-header-n2\">\n<h4>OPTION DEZENTRALER VERSAND.<\/h4>\n<\/header>\n<div class=\"content\">\n<p>Unser Logistikzentrum ist auch in der Lage, die Versanddaten von Ihrem Vertriebssystem zu \u00fcbernehmen und die Belieferung abgestimmt darauf dezentral abzuwickeln. Ihre Bestellungen gelangen so auf dem schnellsten Weg an den jeweiligen Ort ihrer Bestimmung.<\/p>\n<\/div>[\/et_pb_text][\/et_pb_column][et_pb_column type=&#8220;2_3&#8243; _builder_version=&#8220;4.23.1&#8243; _module_preset=&#8220;default&#8220; global_colors_info=&#8220;{}&#8220;][et_pb_text _builder_version=&#8220;4.23.1&#8243; _module_preset=&#8220;default&#8220; global_colors_info=&#8220;{}&#8220;]<div id=\"c96\" class=\"csc-default\">\n<header class=\"csc-header csc-header-n2\">\n<h4>ERFAHRUNG IM SEEG\u00dcTERUMSCHLAG.<\/h4>\n<\/header>\n<div class=\"content\">\n<p>Moderne Seetransporte beginnen und enden nicht im Hafen. Zahlreiche Formalit\u00e4ten sind zu erledigen und die Weichen f\u00fcr den Transport vom Startpunkt bis zum endg\u00fcltigen Bestimmungsort zu stellen. Die Selbstverst\u00e4ndlichkeit, mit der unsere Logistikexperten aus dem hohen Norden die gesamte Logistik erledigen, hat einen entscheidenden Vorteil: Alles l\u00e4uft so reibungslos ab, dass Sie kaum etwas davon merken.<\/p>\n<\/div>\n<\/div>\n<div id=\"c97\" class=\"csc-default\">\n<header class=\"csc-header csc-header-n2\">\n<h4>ZWISCHENLAGERUNG BEI BEDARF.<\/h4>\n<\/header>\n<div class=\"content\">\n<p>Zur Zwischenlagerung der im Hafen in Empfang genommenen Seefracht verf\u00fcgt unser Logistikzentrum \u00fcber eine<span>\u00a0<\/span><strong>Lagerfl\u00e4che von 5.000 Quadratmetern mit 10.000 Palettenpl<\/strong><\/p>\n<\/div>\n<\/div>[\/et_pb_text][\/et_pb_column][\/et_pb_row][\/et_pb_section]\n","protected":false},"excerpt":{"rendered":"<p>LOGISTIKMANAGEMENT\u00a0VON A NACH B Produkte, die wir in Fernost f\u00fcr Sie fertigen lassen, gelangen in der Regel auf dem Seeweg nach Deutschland. Hier k\u00f6nnen sie von uns weitertransportiert oder von Ihrer Logistik \u00fcbernommen werden. Beauftragen Sie uns, wie viele unserer Kunden, mit dem kompletten Logistikmanagement, hat unser Logistikzentrum vor Ort bereits alles Weitere f\u00fcr die p\u00fcnktliche Belieferung geregelt. OPTION DEZENTRALER VERSAND. Unser Logistikzentrum ist auch in der Lage, die Versanddaten von Ihrem Vertriebssystem zu \u00fcbernehmen und die Belieferung abgestimmt darauf dezentral abzuwickeln. Ihre Bestellungen gelangen so auf dem schnellsten Weg an den jeweiligen Ort ihrer Bestimmung. ERFAHRUNG IM SEEG\u00dcTERUMSCHLAG. Moderne Seetransporte beginnen und enden nicht im Hafen. Zahlreiche Formalit\u00e4ten sind zu erledigen und die Weichen f\u00fcr den Transport vom Startpunkt bis zum endg\u00fcltigen Bestimmungsort zu stellen. Die Selbstverst\u00e4ndlichkeit, mit der unsere Logistikexperten aus dem hohen Norden die gesamte Logistik erledigen, hat einen entscheidenden Vorteil: Alles l\u00e4uft so reibungslos ab, dass Sie kaum etwas davon merken. ZWISCHENLAGERUNG BEI BEDARF. Zur Zwischenlagerung der im Hafen in Empfang genommenen Seefracht verf\u00fcgt unser Logistikzentrum \u00fcber eine\u00a0Lagerfl\u00e4che von 5.000 Quadratmetern mit 10.000 Palettenpl<\/p>\n","protected":false},"author":1,"featured_media":0,"parent":0,"menu_order":0,"comment_status":"closed","ping_status":"closed","template":"","meta":{"_et_pb_use_builder":"on","_et_pb_old_content":"","_et_gb_content_width":"","footnotes":""},"class_list":["post-255300","page","type-page","status-publish","hentry"],"_links":{"self":[{"href":"https:\/\/www.klaas-direktimport.de\/index.php?rest_route=\/wp\/v2\/pages\/255300","targetHints":{"allow":["GET"]}}],"collection":[{"href":"https:\/\/www.klaas-direktimport.de\/index.php?rest_route=\/wp\/v2\/pages"}],"about":[{"href":"https:\/\/www.klaas-direktimport.de\/index.php?rest_route=\/wp\/v2\/types\/page"}],"author":[{"embeddable":true,"href":"https:\/\/www.klaas-direktimport.de\/index.php?rest_route=\/wp\/v2\/users\/1"}],"replies":[{"embeddable":true,"href":"https:\/\/www.klaas-direktimport.de\/index.php?rest_route=%2Fwp%2Fv2%2Fcomments&post=255300"}],"version-history":[{"count":9,"href":"https:\/\/www.klaas-direktimport.de\/index.php?rest_route=\/wp\/v2\/pages\/255300\/revisions"}],"predecessor-version":[{"id":255429,"href":"https:\/\/www.klaas-direktimport.de\/index.php?rest_route=\/wp\/v2\/pages\/255300\/revisions\/255429"}],"wp:attachment":[{"href":"https:\/\/www.klaas-direktimport.de\/index.php?rest_route=%2Fwp%2Fv2%2Fmedia&parent=255300"}],"curies":[{"name":"wp","href":"https:\/\/api.w.org\/{rel}","templated":true}]}}