{"id":255306,"date":"2023-11-13T16:13:10","date_gmt":"2023-11-13T15:13:10","guid":{"rendered":"https:\/\/www.klaas-direktimport.de\/?page_id=255306"},"modified":"2023-11-14T10:22:51","modified_gmt":"2023-11-14T09:22:51","slug":"schulung-2","status":"publish","type":"page","link":"https:\/\/www.klaas-direktimport.de\/?page_id=255306","title":{"rendered":"Schulung"},"content":{"rendered":"<p>[et_pb_section fb_built=&#8220;1&#8243; next_background_color=&#8220;#ffffff&#8220; _builder_version=&#8220;4.23.1&#8243; _module_preset=&#8220;default&#8220; background_color=&#8220;#4892ad&#8220; custom_padding=&#8220;||284px||false|false&#8220; top_divider_arrangement=&#8220;above_content&#8220; bottom_divider_style=&#8220;wave2&#8243; bottom_divider_arrangement=&#8220;above_content&#8220; hover_transition_speed_curve=&#8220;linear&#8220; global_colors_info=&#8220;{}&#8220;][et_pb_row _builder_version=&#8220;4.23.1&#8243; _module_preset=&#8220;default&#8220; custom_margin=&#8220;|auto|-285px|auto||&#8220; custom_padding=&#8220;50px||||false|false&#8220; hover_enabled=&#8220;0&#8243; global_colors_info=&#8220;{}&#8220; background_enable_color=&#8220;off&#8220; sticky_enabled=&#8220;0&#8243;][et_pb_column type=&#8220;4_4&#8243; _builder_version=&#8220;4.23.1&#8243; _module_preset=&#8220;default&#8220; global_colors_info=&#8220;{}&#8220;][et_pb_image src=&#8220;https:\/\/www.klaas-direktimport.de\/wp-content\/uploads\/2023\/11\/klaas_header_schulung.jpg&#8220; title_text=&#8220;klaas_header_schulung&#8220; align=&#8220;center&#8220; force_fullwidth=&#8220;on&#8220; _builder_version=&#8220;4.23.1&#8243; _module_preset=&#8220;default&#8220; custom_margin=&#8220;-103px||||false|false&#8220; global_colors_info=&#8220;{}&#8220;][\/et_pb_image][\/et_pb_column][\/et_pb_row][\/et_pb_section][et_pb_section fb_built=&#8220;1&#8243; _builder_version=&#8220;4.23.1&#8243; _module_preset=&#8220;default&#8220; min_height=&#8220;678px&#8220; custom_margin=&#8220;2px||||false|false&#8220; custom_padding=&#8220;0px||6px|||&#8220; global_colors_info=&#8220;{}&#8220;][et_pb_row _builder_version=&#8220;4.23.1&#8243; _module_preset=&#8220;default&#8220; global_colors_info=&#8220;{}&#8220;][et_pb_column type=&#8220;4_4&#8243; _builder_version=&#8220;4.23.1&#8243; _module_preset=&#8220;default&#8220; global_colors_info=&#8220;{}&#8220;][et_pb_text _builder_version=&#8220;4.23.1&#8243; _module_preset=&#8220;default&#8220; custom_padding=&#8220;||2px|||&#8220; global_colors_info=&#8220;{}&#8220;]<\/p>\n<h4><strong>VERKAUFSERFOLG<\/strong><span>\u00a0<\/span>DURCH SCHULUNG AM PRODUKT<\/h4>\n<p>Wir wollen Ihren wie unseren Mitarbeitern bestm\u00f6gliches Wissen \u00fcber die Vorz\u00fcge und Funktionsweisen unserer Produkte vermitteln. Zu diesem Zweck haben wir n\u00f6rdlich von Frankfurt ein eigenes Schulungszentrum eingerichtet. In unseren Ganztageskursen gehen wir nach dem Prinzip \u201eLearning by Doing\u201c vor mit dem Ziel, den Praxisbezug zu steigern.<\/p>\n<p>[\/et_pb_text][\/et_pb_column][\/et_pb_row][et_pb_row column_structure=&#8220;1_4,3_4&#8243; _builder_version=&#8220;4.23.1&#8243; _module_preset=&#8220;default&#8220; global_colors_info=&#8220;{}&#8220;][et_pb_column type=&#8220;1_4&#8243; _builder_version=&#8220;4.23.1&#8243; _module_preset=&#8220;default&#8220; global_colors_info=&#8220;{}&#8220;][et_pb_image src=&#8220;https:\/\/www.klaas-direktimport.de\/wp-content\/uploads\/2023\/11\/schulung.jpg&#8220; title_text=&#8220;schulung&#8220; _builder_version=&#8220;4.23.1&#8243; _module_preset=&#8220;default&#8220; box_shadow_style=&#8220;preset4&#8243; box_shadow_blur=&#8220;14px&#8220; global_colors_info=&#8220;{}&#8220;][\/et_pb_image][\/et_pb_column][et_pb_column type=&#8220;3_4&#8243; _builder_version=&#8220;4.23.1&#8243; _module_preset=&#8220;default&#8220; global_colors_info=&#8220;{}&#8220;][et_pb_text _builder_version=&#8220;4.23.1&#8243; _module_preset=&#8220;default&#8220; global_colors_info=&#8220;{}&#8220;]<\/p>\n<div id=\"c101\" class=\"csc-default\">\n<header class=\"csc-header csc-header-n2\">\n<h4>GUTE MISCHUNG AUS THEORIE UND PRAXIS.<\/h4>\n<\/header>\n<div class=\"content\">Technische Vorg\u00e4nge \u2013 so komplex sie in der Theorie auch sein m\u00f6gen \u2013 lassen sich am einfachsten am Objekt oder mit Hilfe von Modellen erkl\u00e4ren. Wir legen Wert darauf, die &#8218;graue&#8216; Theorie mit der Praxis zu verbinden, damit Ihre Mitarbeiter verst\u00e4ndlich weitergeben k\u00f6nnen, was sie bei uns gelernt haben.<\/div>\n<\/div>\n<div id=\"c102\" class=\"csc-default\">\n<header class=\"csc-header csc-header-n2\">\n<h3><\/h3>\n<h3><\/h3>\n<h4>VERMITTLUNG VON PRODUKTBEZOGENEM WISSEN.<\/h4>\n<\/header>\n<div class=\"content\">\n<p>Je n\u00e4her Ihre Mitarbeiter am Produkt sind, umso \u00fcberzeugender k\u00f6nnen sie es verkaufen. Neben dem notwendigen Fachwissen geben wir ihnen produktbezogene Verkaufsargumente an die Hand. Erzielen sie damit bessere Verkaufsergebnisse, profitieren wir alle von der guten Schulung am Produkt: Ihre Kunden, Ihr Unternehmen und wir.<\/p>\n<\/div>\n<\/div>\n<p>[\/et_pb_text][\/et_pb_column][\/et_pb_row][et_pb_row column_structure=&#8220;1_4,3_4&#8243; _builder_version=&#8220;4.23.1&#8243; _module_preset=&#8220;default&#8220; global_colors_info=&#8220;{}&#8220;][et_pb_column type=&#8220;1_4&#8243; _builder_version=&#8220;4.23.1&#8243; _module_preset=&#8220;default&#8220; background_color=&#8220;#d8edf2&#8243; box_shadow_style=&#8220;preset4&#8243; box_shadow_blur=&#8220;14px&#8220; global_colors_info=&#8220;{}&#8220;][et_pb_image src=&#8220;https:\/\/www.klaas-direktimport.de\/wp-content\/uploads\/2023\/11\/weiterbildung.jpg&#8220; title_text=&#8220;weiterbildung&#8220; _builder_version=&#8220;4.23.1&#8243; _module_preset=&#8220;default&#8220; custom_margin=&#8220;||10px||false|false&#8220; custom_padding=&#8220;10px|5px|0px|5px|false|false&#8220; global_colors_info=&#8220;{}&#8220;][\/et_pb_image][et_pb_text _builder_version=&#8220;4.23.1&#8243; _module_preset=&#8220;default&#8220; custom_margin=&#8220;||10px||false|false&#8220; custom_padding=&#8220;|5px|0px|5px|false|false&#8220; global_colors_info=&#8220;{}&#8220;]<\/p>\n<p><span>Die Schulungen werden nach Absprache fortlaufend angeboten. Kontaktieren Sie uns, gerne vereinbaren wir mit Ihnen Ihre n\u00e4chsten Schulungstermine<\/span><\/p>\n<p>[\/et_pb_text][\/et_pb_column][et_pb_column type=&#8220;3_4&#8243; _builder_version=&#8220;4.23.1&#8243; _module_preset=&#8220;default&#8220; global_colors_info=&#8220;{}&#8220;][et_pb_text _builder_version=&#8220;4.23.1&#8243; _module_preset=&#8220;default&#8220; global_colors_info=&#8220;{}&#8220;]<\/p>\n<div id=\"c103\" class=\"csc-default\">\n<header class=\"csc-header csc-header-n3\">\n<h4>OPTIMALE LERNBEDINGUNGEN.<\/h4>\n<\/header>\n<div class=\"content\">\n<p>Auf einer Fl\u00e4che von 2.200 Quadratmetern bieten die hell und freundlich eingerichteten Seminarr\u00e4ume beste Voraussetzungen f\u00fcr den Schulungserfolg: Von Anschauungsobjekten \u00fcber moderne Medientechnik bis zum Speiseraum mit komplett eingerichteter K\u00fcche ist alles vorhanden, was dem Wohl der Teilnehmerinnen und Teilnehmer dient.<\/p>\n<\/div>\n<\/div>\n<div id=\"c104\" class=\"csc-default\">\n<header class=\"csc-header csc-header-n3\">\u00a0<\/header>\n<header class=\"csc-header csc-header-n3\">\n<h4>DAS SCHULUNGSANGEBOT IM \u00dcBERBLICK:<\/h4>\n<\/header>\n<ul class=\"csc-bulletlist csc-bulletlist-0\">\n<li class=\"odd\">MONTAGESCHULUNGEN: technische Unterweisungen f\u00fcr unsere Technikerteams<\/li>\n<li class=\"even\">PRODUKTSCHULUNGEN: f\u00fcr Verkaufspersonal mit Schwerpunkt Absatzf\u00f6rderung<\/li>\n<li class=\"even\">HEIMWERKERSEMINARE: als Serviceangebot f\u00fcr Ihre Kunden<\/li>\n<\/ul>\n<\/div>\n<p>[\/et_pb_text][\/et_pb_column][\/et_pb_row][\/et_pb_section]<\/p>\n","protected":false},"excerpt":{"rendered":"<p>VERKAUFSERFOLG\u00a0DURCH SCHULUNG AM PRODUKT Wir wollen Ihren wie unseren Mitarbeitern bestm\u00f6gliches Wissen \u00fcber die Vorz\u00fcge und Funktionsweisen unserer Produkte vermitteln. Zu diesem Zweck haben wir n\u00f6rdlich von Frankfurt ein eigenes Schulungszentrum eingerichtet. In unseren Ganztageskursen gehen wir nach dem Prinzip \u201eLearning by Doing\u201c vor mit dem Ziel, den Praxisbezug zu steigern. GUTE MISCHUNG AUS THEORIE UND PRAXIS. Technische Vorg\u00e4nge \u2013 so komplex sie in der Theorie auch sein m\u00f6gen \u2013 lassen sich am einfachsten am Objekt oder mit Hilfe von Modellen erkl\u00e4ren. Wir legen Wert darauf, die &#8218;graue&#8216; Theorie mit der Praxis zu verbinden, damit Ihre Mitarbeiter verst\u00e4ndlich weitergeben k\u00f6nnen, was sie bei uns gelernt haben. VERMITTLUNG VON PRODUKTBEZOGENEM WISSEN. Je n\u00e4her Ihre Mitarbeiter am Produkt sind, umso \u00fcberzeugender k\u00f6nnen sie es verkaufen. Neben dem notwendigen Fachwissen geben wir ihnen produktbezogene Verkaufsargumente an die Hand. Erzielen sie damit bessere Verkaufsergebnisse, profitieren wir alle von der guten Schulung am Produkt: Ihre Kunden, Ihr Unternehmen und wir. Die Schulungen werden nach Absprache fortlaufend angeboten. Kontaktieren Sie uns, gerne vereinbaren wir mit Ihnen Ihre n\u00e4chsten Schulungstermine OPTIMALE LERNBEDINGUNGEN. Auf einer Fl\u00e4che von 2.200 Quadratmetern bieten die hell und freundlich eingerichteten Seminarr\u00e4ume beste Voraussetzungen f\u00fcr den Schulungserfolg: Von Anschauungsobjekten \u00fcber moderne Medientechnik bis zum [&hellip;]<\/p>\n","protected":false},"author":1,"featured_media":0,"parent":0,"menu_order":0,"comment_status":"closed","ping_status":"closed","template":"","meta":{"_et_pb_use_builder":"on","_et_pb_old_content":"","_et_gb_content_width":"","footnotes":""},"class_list":["post-255306","page","type-page","status-publish","hentry"],"_links":{"self":[{"href":"https:\/\/www.klaas-direktimport.de\/index.php?rest_route=\/wp\/v2\/pages\/255306","targetHints":{"allow":["GET"]}}],"collection":[{"href":"https:\/\/www.klaas-direktimport.de\/index.php?rest_route=\/wp\/v2\/pages"}],"about":[{"href":"https:\/\/www.klaas-direktimport.de\/index.php?rest_route=\/wp\/v2\/types\/page"}],"author":[{"embeddable":true,"href":"https:\/\/www.klaas-direktimport.de\/index.php?rest_route=\/wp\/v2\/users\/1"}],"replies":[{"embeddable":true,"href":"https:\/\/www.klaas-direktimport.de\/index.php?rest_route=%2Fwp%2Fv2%2Fcomments&post=255306"}],"version-history":[{"count":5,"href":"https:\/\/www.klaas-direktimport.de\/index.php?rest_route=\/wp\/v2\/pages\/255306\/revisions"}],"predecessor-version":[{"id":255382,"href":"https:\/\/www.klaas-direktimport.de\/index.php?rest_route=\/wp\/v2\/pages\/255306\/revisions\/255382"}],"wp:attachment":[{"href":"https:\/\/www.klaas-direktimport.de\/index.php?rest_route=%2Fwp%2Fv2%2Fmedia&parent=255306"}],"curies":[{"name":"wp","href":"https:\/\/api.w.org\/{rel}","templated":true}]}}