{"id":255332,"date":"2023-11-13T16:47:45","date_gmt":"2023-11-13T15:47:45","guid":{"rendered":"https:\/\/www.klaas-direktimport.de\/?page_id=255332"},"modified":"2023-11-14T10:23:18","modified_gmt":"2023-11-14T09:23:18","slug":"soziales-engagement","status":"publish","type":"page","link":"https:\/\/www.klaas-direktimport.de\/?page_id=255332","title":{"rendered":"soziales Engagement"},"content":{"rendered":"<p>[et_pb_section fb_built=&#8220;1&#8243; next_background_color=&#8220;#ffffff&#8220; _builder_version=&#8220;4.23.1&#8243; _module_preset=&#8220;default&#8220; background_color=&#8220;#4892ad&#8220; custom_padding=&#8220;||285px||false|false&#8220; top_divider_arrangement=&#8220;above_content&#8220; bottom_divider_style=&#8220;wave2&#8243; bottom_divider_arrangement=&#8220;above_content&#8220; hover_transition_speed_curve=&#8220;linear&#8220; global_colors_info=&#8220;{}&#8220;][et_pb_row _builder_version=&#8220;4.23.1&#8243; _module_preset=&#8220;default&#8220; custom_margin=&#8220;|auto|-285px|auto||&#8220; custom_padding=&#8220;50px||||false|false&#8220; hover_enabled=&#8220;0&#8243; global_colors_info=&#8220;{}&#8220; background_enable_color=&#8220;off&#8220; sticky_enabled=&#8220;0&#8243;][et_pb_column type=&#8220;4_4&#8243; _builder_version=&#8220;4.23.1&#8243; _module_preset=&#8220;default&#8220; global_colors_info=&#8220;{}&#8220;][et_pb_image src=&#8220;https:\/\/www.klaas-direktimport.de\/wp-content\/uploads\/2023\/11\/klaas_header_sozialesEngagement.jpg&#8220; title_text=&#8220;klaas_header_sozialesEngagement&#8220; align=&#8220;center&#8220; force_fullwidth=&#8220;on&#8220; _builder_version=&#8220;4.23.1&#8243; _module_preset=&#8220;default&#8220; custom_margin=&#8220;-103px||||false|false&#8220; global_colors_info=&#8220;{}&#8220;][\/et_pb_image][\/et_pb_column][\/et_pb_row][\/et_pb_section][et_pb_section fb_built=&#8220;1&#8243; _builder_version=&#8220;4.23.1&#8243; _module_preset=&#8220;default&#8220; min_height=&#8220;678px&#8220; custom_margin=&#8220;2px||||false|false&#8220; custom_padding=&#8220;0px||6px|||&#8220; global_colors_info=&#8220;{}&#8220;][et_pb_row _builder_version=&#8220;4.23.1&#8243; _module_preset=&#8220;default&#8220; global_colors_info=&#8220;{}&#8220;][et_pb_column type=&#8220;4_4&#8243; _builder_version=&#8220;4.23.1&#8243; _module_preset=&#8220;default&#8220; global_colors_info=&#8220;{}&#8220;][et_pb_text _builder_version=&#8220;4.23.1&#8243; _module_preset=&#8220;default&#8220; global_colors_info=&#8220;{}&#8220;]<\/p>\n<header class=\"csc-header csc-header-n1\">\n<h4 class=\"csc-firstHeader\">KLAAS DIREKTIMPORT GMBH SPENDET 10.781,-\u20ac VOM 1. BENEFIZ-WEIHNACHTSSPEKTAKEL IN HEUSWEILER<\/h4>\n<\/header>\n<div class=\"content\">\n<p>\u201eUnser neues wetterunabh\u00e4ngiges Konzept ging auf\u201c so der Gesch\u00e4ftsf\u00fchrer der Klaas Direktimport GmbH, Carsten Klaas.\u201c Auch wir fanden unser bisheriges Konzept der Weihnachtsm\u00e4rkte in Lummerschied sehr sch\u00f6n, jedoch war dies realistisch betrachtet immer nur dann der Fall gewesen, wenn uns auch das Wetter ideale Bedingungen erm\u00f6glicht hat.\u201c\u00a0 \u201eH\u00e4tten wir letzten Samstag unser Weihnachtsspektakel im Freien durchgef\u00fchrt, w\u00e4re dies sicherlich erneut dem Regen zum Opfer gefallen\u201c. \u201eNie im Leben h\u00e4tten wir dann\u00a0 alle unsere Lose verkauft\u201c bemerkte das Team der Klaas Direktimport GmbH. \u201eUnser neues Konzept ist so f\u00fcr uns und unsere G\u00e4ste, der wesentlich bessere Weg\u2026\u201c<\/p>\n<p>Bereits eine halbe Stunde vor Einlass (16:00 Uhr) standen zahlreiche Besucher Schlange. Innerhalb von nur 30 Minuten war die Kulturhalle Heusweiler dann bis auf den letzten Platz gef\u00fcllt.<br \/>Der Eintritt f\u00fcr Erwachsene betrug lediglich 3,-\u20ac, welcher ebenfalls komplett in den Spendentopf ging. Um 17:00 Uhr wurde vom Schirmherr der Veranstaltung Herrn B\u00fcrgermeister Thomas Redelberger gemeinsam mit Herrn Klaas die Tombola feierlich er\u00f6ffnet. Das erste Los verdiente sich\u00a0 Frau Ursula Madert aus Riegelsberg, die bereit war ein Weihnachtslied f\u00fcr alle auf der B\u00fchne darzubieten. Dies kam bei allen G\u00e4sten sehr gut an. Kurze Zeit sp\u00e4ter sangen alle mit. Die Tombola war somit feierlich er\u00f6ffnet. Durch die beachtlich gro\u00dfe Anzahl von Losen und den \u00fcberwiegend hochwertigen Gewinnen war auch in diesem Jahr gew\u00e4hrleistet, dass bis ca. 21:00 Uhr auch noch f\u00fcr die letzten G\u00e4ste Lose zu bekommen waren.<\/p>\n<p>Einer der Hauptgewinne war sicherlich der Motorroller im Retrodesign aus der eigenen Produktion.<br \/>Dieser wurde von einem Gast gewonnen, welcher nicht genannt werden m\u00f6chte. Da er selbst wenig Verwendung f\u00fcr den Motorroller hatte, entschloss er sich kurzer Hand den Roller an zwei im bekannte junge Damen weiter zu schenken, die gleich eine super Idee hatten. Deren Gro\u00dfmutter n\u00e4mlich f\u00e4hrt schon lange Motorroller. Bedauerlicher Weise hat Omas Roller jedoch vor einigen Wochen den Geist aufgegeben und ist nicht mehr zu reparieren. \u201eJetzt muss Oma schon seit Wochen zu Fu\u00df gehen, da ein neuen Roller teuer ist\u201c so die beiden M\u00e4dchen. \u201eDurch diesen Gewinn jedoch steht am 24.12. ein neuer Roller f\u00fcr Oma unterm Tannenbaum\u201c. Das Team der Klaas Direktimport GmbH ist sich einig. Dies ist unsere kleine Weihnachtsgeschichte. Perfekt!<\/p>\n<p>Kulinarisch gab es reichlich.\u00a0 Unter Anderem wieder Michaels Spie\u00dfbraten vom Holzkohlengrill, sowie Rostw\u00fcrste, Bockw\u00fcrste, Currywurst, Kaffee und Kuchen. F\u00fcr die musikalische Unterhaltung sorgten mit aufeinanderfolgenden Darbietungen von je ca. einer Stunde die original Bubacher Dorfdudler, die K\u00f6llervalley-Singers, sowie der saarl\u00e4ndische Liedermacher Rainer Rudin.<\/p>\n<p>Und auch in diesem Jahr gilt: \u00a0Nicht nur der Ertrag, sondern der komplette Umsatz (10.781,-\u20ac) wird zu gleichen Teilen (je 3.594,- Euro)gespendet an: Die Behindertengruppe \u201eRegenbogen\u201c Eppelborn, die \u201eWaldschule f\u00fcr geistige Entwicklung Saarwellingen\u201c und \u201eBike-Aid e.V. Saarbr\u00fccken\u201c<\/p>\n<p>Somit haben wir mit unseren Benefiz-Veranstaltungen\u00a0 in nur sechs Jahren insgesamt 60.781,- Euro gespendet!!!<\/p>\n<p><strong>Unseren ganz herzlichen Dank an alle G\u00e4ste, Besucher und Unterst\u00fctzer!!!<\/strong><\/p>\n<\/div>\n<p>[\/et_pb_text][et_pb_text _builder_version=&#8220;4.23.1&#8243; _module_preset=&#8220;default&#8220; global_colors_info=&#8220;{}&#8220;]<\/p>\n<div id=\"c151\" class=\"csc-default\">\n<header class=\"csc-header csc-header-n2\">\n<h4>BENEFIZ-WEIHNACHTSMARKT 2013 MUSS LEIDER ABGESAGT WERDEN\u2026<\/h4>\n<\/header>\n<div class=\"content\">\n<p>Bedauerlicher Weise kann der f\u00fcr 13. Dezember 2013 geplante Benefiz-Weihnachtsmarkt in Lummerschied in diesem Jahr aus reinen Platzgr\u00fcnden leider nicht stattfinden. Dies tut Herrn Klaas, wie auch allen Mitarbeitern sehr leid, hat sich doch der Weihnachtsmarkt innerhalb der letzten f\u00fcnf Jahre zu einer festen und beliebten Veranstaltung in Lummerschied etabliert. So konnten innerhalb der letzten 5 Jahre rund 50.000,- Euro auf diesen Weihnachtsmarkt erwirtschaftet und dadurch an Bed\u00fcrftige in der Region gespendet werden.<\/p>\n<p>Hintergrund der Absage ist eine gro\u00dfe, seit Fr\u00fchjahr diesen Jahres fest installierte Halle auf dem Firmengel\u00e4nde, welche durch die kurzfristige Expansion in zwei neue Gro\u00dfkundengruppen notwendig wurde.<br \/>Zwar betreibt die Klaas Direktimport GmbH seit Jahren die komplette Logistik auf einer Fl\u00e4che von rund 8.000m\u00b2 fast ausschlie\u00dflich im Hafen von Hamburg und Bremen, jedoch gibt es neue diesbez\u00fcglich administrative Unternehmensbereiche welche aus Gr\u00fcnden von Optimierungsma\u00dfnahmen zus\u00e4tzlich vorr\u00fcbergehend nahe der Zentrale und somit auf dem Gel\u00e4nde der Klaas Direktimport GmbH in Lummerschied abgewickelt werden.<\/p>\n<p>Selbstverst\u00e4ndlich m\u00f6chte Carsten Klaas und seine Mitarbeiter ihre sozialen Einstellung gegen\u00fcber bed\u00fcrftigen Menschen weiterhin aufrechthalten und ist von daher schon heute sicher, den Benefiz-Weihnachtsmarkt in Lummerschied in 2014 wieder wie gewohnt auf ihrem Firmengel\u00e4nde stattfinden zu lassen.<\/p>\n<\/div>\n<\/div>\n<p>[\/et_pb_text][et_pb_text _builder_version=&#8220;4.23.1&#8243; _module_preset=&#8220;default&#8220; global_colors_info=&#8220;{}&#8220;]<\/p>\n<header class=\"csc-header csc-header-n3\">\n<h4>WIR HABEN ES GESCHAFFT!<\/h4>\n<\/header>\n<div class=\"csc-textpic-text\">\n<p><span class=\"important\">Wir freuen uns Ihnen mitteilen zu k\u00f6nnen, dass wir mit dem Ertrag des Weihnachtsmarktes 2012 in H\u00f6he von \u20ac 12.000,- eine Spendensumme von \u20ac 50.000,- in 5 Jahren erreicht haben.<\/span><\/p>\n<p>Ein herzliches Dankesch\u00f6n an alle Unterst\u00fctzer, Helfer und G\u00e4ste, die bei sehr schlechtem Wetter nach Lummerschied gekommen sind und dieses Ergebniss m\u00f6glich machten.<\/p>\n<p>Wie versprochen haben wir die Tombola nochmals vergr\u00f6ssert und nach Start der Tombola um 16:30 Uhr, durch Schirmherr Herrn Uwe Kuntz (stv. Vorstandsvorsitzender SPK Saarbr\u00fccken), konnte jeder Gast ausreichend Lose kaufen und mit Gl\u00fcck einer der vielen tollen Preise gewinnen. Es wurden u.a. Flachbildfernseher, DVD Spieler, Markenf\u00e4hrr\u00e4der, Klimager\u00e4te, ein Gartenpool und zahlreiche wertvolle Gutscheine verlost.<\/p>\n<p>Auch kulinarisch boten wir allerhand K\u00f6stlichkeiten wie: Lyoner-Kartoffelpfanne, Spie\u00dfbraten, Scampipfanne, Kartoffelpuffer und viele leckere S\u00fc\u00dfspeisen wie Crepes, frischgebackene Waffeln und leckere Kuchen und Torten.<\/p>\n<p>Wie in jedem Jahr wird der komplette Ertrag gespendet. Jeweils \u20ac 4.000,- erhalten die Behindertengruppe &#8222;Regenbogen&#8220; Eppelborn, die &#8222;Waldschule f\u00fcr geistige Entwicklung&#8220; in Saarwellingen und der Verein &#8222;Bike-Aid e.V.&#8220; in Saarbr\u00fccken.<\/p>\n<p>Schon jetzt freuen wir uns auf die Scheck\u00fcbergabe und m\u00f6chten auch gleichzeitig den Termin f\u00fcr den 6. kulinarischen Weihnachtsmarkt am 13.12.2013 bekanntgeben. M\u00f6ge uns und Ihnen der 13. Gl\u00fcck bringen und uns das Wetter mit herrlichem Weihnachtsmarkt Flair verw\u00f6hnen.<\/p>\n<p><strong>Ihnen allen ein gutes Neues Jahr 2013<\/strong><\/p>\n<p><strong>w\u00fcnscht das Team der Klaas Direktimport GmbH.<\/strong><\/p>\n<\/div>\n<p>[\/et_pb_text][et_pb_text _builder_version=&#8220;4.23.1&#8243; _module_preset=&#8220;default&#8220; global_colors_info=&#8220;{}&#8220;]<\/p>\n<p>WIR ENGAGIEREN UNS<\/p>\n<p>Seit 2008 findet jedes Jahr auf unserem Werksgel\u00e4nde in Lummerschied ein historischer, kulinarischer Benefiz Weihnachtsmarkt f\u00fcr alle Mitb\u00fcrger statt. Die Schirmherrschaft \u00fcbernahm 2012 Herr Uwe Kuntz, stv. Vorstandsvorsitzender der Sparkasse Saarbr\u00fccken.<\/p>\n<p>Die Au\u00dfergew\u00f6hnlichkeit des Weihnachtsmarktes besteht darin, dass wir den kompletten UMSATZ und nicht nur den erzielten Ertrag spenden. Alle anfallenden Kosten werden von uns getragen.<\/p>\n<p>Das Highlight ist unsere Benefiz-Tombola mit 3.000 Gewinnen. Die Spendensumme geht immer zu gleichen Teilen an 3 hilfsbed\u00fcrftige Gruppen aus der Region.<\/p>\n<p>[\/et_pb_text][\/et_pb_column][\/et_pb_row][et_pb_row column_structure=&#8220;2_3,1_3&#8243; _builder_version=&#8220;4.23.1&#8243; _module_preset=&#8220;default&#8220; global_colors_info=&#8220;{}&#8220;][et_pb_column type=&#8220;2_3&#8243; _builder_version=&#8220;4.23.1&#8243; _module_preset=&#8220;default&#8220; global_colors_info=&#8220;{}&#8220;][et_pb_text _builder_version=&#8220;4.23.1&#8243; _module_preset=&#8220;default&#8220; global_colors_info=&#8220;{}&#8220;]<\/p>\n<header class=\"csc-header csc-header-n5\">\n<p>Hier die Spendensummen, die nur an einem Tag erzielt wurden.<\/p>\n<\/header>\n<div class=\"content\">\n<p>2008 = 7.000 \u20ac<br \/>2009 = 8.200 \u20ac<br \/>2010 = 11.000 \u20ac<br \/>2011 = unglaubliche 12.000 \u20ac<\/p>\n<p>2012 = trotz widriger Wetterbedingunen erneut 12.000 \u20ac<\/p>\n<p>&nbsp;<\/p>\n<p>&nbsp;<\/p>\n<p>Nochmal ein herzliches Dankesch\u00f6n an alle Helfer, Spender und Besucher.<\/p>\n<\/div>\n<p>[\/et_pb_text][\/et_pb_column][et_pb_column type=&#8220;1_3&#8243; _builder_version=&#8220;4.23.1&#8243; _module_preset=&#8220;default&#8220; global_colors_info=&#8220;{}&#8220;][et_pb_image src=&#8220;https:\/\/www.klaas-direktimport.de\/wp-content\/uploads\/2023\/11\/e8264b1961.jpg&#8220; title_text=&#8220;e8264b1961&#8243; show_in_lightbox=&#8220;on&#8220; _builder_version=&#8220;4.23.1&#8243; _module_preset=&#8220;default&#8220; box_shadow_style=&#8220;preset4&#8243; box_shadow_blur=&#8220;14px&#8220; global_colors_info=&#8220;{}&#8220;][\/et_pb_image][\/et_pb_column][\/et_pb_row][\/et_pb_section]<\/p>\n","protected":false},"excerpt":{"rendered":"<p>KLAAS DIREKTIMPORT GMBH SPENDET 10.781,-\u20ac VOM 1. BENEFIZ-WEIHNACHTSSPEKTAKEL IN HEUSWEILER \u201eUnser neues wetterunabh\u00e4ngiges Konzept ging auf\u201c so der Gesch\u00e4ftsf\u00fchrer der Klaas Direktimport GmbH, Carsten Klaas.\u201c Auch wir fanden unser bisheriges Konzept der Weihnachtsm\u00e4rkte in Lummerschied sehr sch\u00f6n, jedoch war dies realistisch betrachtet immer nur dann der Fall gewesen, wenn uns auch das Wetter ideale Bedingungen erm\u00f6glicht hat.\u201c\u00a0 \u201eH\u00e4tten wir letzten Samstag unser Weihnachtsspektakel im Freien durchgef\u00fchrt, w\u00e4re dies sicherlich erneut dem Regen zum Opfer gefallen\u201c. \u201eNie im Leben h\u00e4tten wir dann\u00a0 alle unsere Lose verkauft\u201c bemerkte das Team der Klaas Direktimport GmbH. \u201eUnser neues Konzept ist so f\u00fcr uns und unsere G\u00e4ste, der wesentlich bessere Weg\u2026\u201c Bereits eine halbe Stunde vor Einlass (16:00 Uhr) standen zahlreiche Besucher Schlange. Innerhalb von nur 30 Minuten war die Kulturhalle Heusweiler dann bis auf den letzten Platz gef\u00fcllt.Der Eintritt f\u00fcr Erwachsene betrug lediglich 3,-\u20ac, welcher ebenfalls komplett in den Spendentopf ging. Um 17:00 Uhr wurde vom Schirmherr der Veranstaltung Herrn B\u00fcrgermeister Thomas Redelberger gemeinsam mit Herrn Klaas die Tombola feierlich er\u00f6ffnet. Das erste Los verdiente sich\u00a0 Frau Ursula Madert aus Riegelsberg, die bereit war ein Weihnachtslied f\u00fcr alle auf der B\u00fchne darzubieten. Dies kam bei allen G\u00e4sten sehr gut an. Kurze Zeit sp\u00e4ter sangen [&hellip;]<\/p>\n","protected":false},"author":1,"featured_media":0,"parent":0,"menu_order":0,"comment_status":"closed","ping_status":"closed","template":"","meta":{"_et_pb_use_builder":"on","_et_pb_old_content":"","_et_gb_content_width":"","footnotes":""},"class_list":["post-255332","page","type-page","status-publish","hentry"],"_links":{"self":[{"href":"https:\/\/www.klaas-direktimport.de\/index.php?rest_route=\/wp\/v2\/pages\/255332","targetHints":{"allow":["GET"]}}],"collection":[{"href":"https:\/\/www.klaas-direktimport.de\/index.php?rest_route=\/wp\/v2\/pages"}],"about":[{"href":"https:\/\/www.klaas-direktimport.de\/index.php?rest_route=\/wp\/v2\/types\/page"}],"author":[{"embeddable":true,"href":"https:\/\/www.klaas-direktimport.de\/index.php?rest_route=\/wp\/v2\/users\/1"}],"replies":[{"embeddable":true,"href":"https:\/\/www.klaas-direktimport.de\/index.php?rest_route=%2Fwp%2Fv2%2Fcomments&post=255332"}],"version-history":[{"count":6,"href":"https:\/\/www.klaas-direktimport.de\/index.php?rest_route=\/wp\/v2\/pages\/255332\/revisions"}],"predecessor-version":[{"id":255383,"href":"https:\/\/www.klaas-direktimport.de\/index.php?rest_route=\/wp\/v2\/pages\/255332\/revisions\/255383"}],"wp:attachment":[{"href":"https:\/\/www.klaas-direktimport.de\/index.php?rest_route=%2Fwp%2Fv2%2Fmedia&parent=255332"}],"curies":[{"name":"wp","href":"https:\/\/api.w.org\/{rel}","templated":true}]}}