{"id":255338,"date":"2023-11-13T16:53:55","date_gmt":"2023-11-13T15:53:55","guid":{"rendered":"https:\/\/www.klaas-direktimport.de\/?page_id=255338"},"modified":"2023-11-14T10:19:45","modified_gmt":"2023-11-14T09:19:45","slug":"ueber-uns","status":"publish","type":"page","link":"https:\/\/www.klaas-direktimport.de\/?page_id=255338","title":{"rendered":"\u00fcber uns"},"content":{"rendered":"<p>[et_pb_section fb_built=&#8220;1&#8243; next_background_color=&#8220;#ffffff&#8220; _builder_version=&#8220;4.23.1&#8243; _module_preset=&#8220;default&#8220; background_color=&#8220;#4892ad&#8220; custom_padding=&#8220;||283px||false|false&#8220; top_divider_arrangement=&#8220;above_content&#8220; bottom_divider_style=&#8220;wave2&#8243; bottom_divider_arrangement=&#8220;above_content&#8220; hover_transition_speed_curve=&#8220;linear&#8220; global_colors_info=&#8220;{}&#8220;][et_pb_row _builder_version=&#8220;4.23.1&#8243; _module_preset=&#8220;default&#8220; custom_margin=&#8220;|auto|-285px|auto||&#8220; custom_padding=&#8220;50px||||false|false&#8220; hover_enabled=&#8220;0&#8243; global_colors_info=&#8220;{}&#8220; background_enable_color=&#8220;off&#8220; sticky_enabled=&#8220;0&#8243;][et_pb_column type=&#8220;4_4&#8243; _builder_version=&#8220;4.23.1&#8243; _module_preset=&#8220;default&#8220; global_colors_info=&#8220;{}&#8220;][et_pb_image src=&#8220;https:\/\/www.klaas-direktimport.de\/wp-content\/uploads\/2023\/11\/klaas_header_ueberUns_01.jpg&#8220; title_text=&#8220;klaas_header_ueberUns_01&#8243; align=&#8220;center&#8220; force_fullwidth=&#8220;on&#8220; _builder_version=&#8220;4.23.1&#8243; _module_preset=&#8220;default&#8220; custom_margin=&#8220;-103px||||false|false&#8220; global_colors_info=&#8220;{}&#8220;][\/et_pb_image][\/et_pb_column][\/et_pb_row][\/et_pb_section][et_pb_section fb_built=&#8220;1&#8243; _builder_version=&#8220;4.23.1&#8243; _module_preset=&#8220;default&#8220; min_height=&#8220;678px&#8220; custom_margin=&#8220;2px||||false|false&#8220; custom_padding=&#8220;0px||6px|||&#8220; global_colors_info=&#8220;{}&#8220;][et_pb_row _builder_version=&#8220;4.23.1&#8243; _module_preset=&#8220;default&#8220; global_colors_info=&#8220;{}&#8220;][et_pb_column type=&#8220;4_4&#8243; _builder_version=&#8220;4.23.1&#8243; _module_preset=&#8220;default&#8220; global_colors_info=&#8220;{}&#8220;][et_pb_text _builder_version=&#8220;4.23.1&#8243; _module_preset=&#8220;default&#8220; global_colors_info=&#8220;{}&#8220;]<\/p>\n<h3><span style=\"color: #4892ad;\"><strong>EINIGE WORTE ZU UNS<\/strong><\/span><\/h3>\n<p>Der Unternehmensgr\u00fcnder begann 2002 als Dienstleister f\u00fcr Gro\u00dfabnehmer mit dem Import von diversen Produkten. Inzwischen lassen wir in verschiedenen Produktionsl\u00e4ndern nach unseren Vorgaben fertigen \u2013 \u00fcberwacht und kontrolliert von eigenen Mitarbeitern vor Ort. Spezialisiert auf Importware \u00fcbernehmen wir alle Dienstleistungen: von der Beschaffung \u00fcber die Lieferlogistik bis zur Gew\u00e4hrleistung eines bundesweiten Kundendienstes.[\/et_pb_text][\/et_pb_column][\/et_pb_row][et_pb_row column_structure=&#8220;1_5,3_5,1_5&#8243; _builder_version=&#8220;4.23.1&#8243; _module_preset=&#8220;default&#8220; global_colors_info=&#8220;{}&#8220;][et_pb_column type=&#8220;1_5&#8243; _builder_version=&#8220;4.23.1&#8243; _module_preset=&#8220;default&#8220; global_colors_info=&#8220;{}&#8220;][\/et_pb_column][et_pb_column type=&#8220;3_5&#8243; _builder_version=&#8220;4.23.1&#8243; _module_preset=&#8220;default&#8220; global_colors_info=&#8220;{}&#8220;][et_pb_text _builder_version=&#8220;4.23.1&#8243; _module_preset=&#8220;default&#8220; box_shadow_style=&#8220;preset4&#8243; box_shadow_blur=&#8220;14px&#8220; global_colors_info=&#8220;{}&#8220;]<\/p>\n<header class=\"csc-header csc-header-n2\">\n<h3><span style=\"color: #4892ad;\">UNSERE LEISTUNGEN<\/span><\/h3>\n<\/header>\n<ul class=\"csc-bulletlist csc-bulletlist-0\">\n<li class=\"odd\">Beratung \u00fcber unsere Service-Hotline<\/li>\n<li class=\"even\">Beschaffungsorganisation von der Bestellung bis zur Anlieferung vor Ort<\/li>\n<li class=\"odd\">Fertigungs\u00fcberwachung und Kontrolle in den Produktionsl\u00e4ndern<\/li>\n<li class=\"even\">Logistikmanagement \u00fcber unseren norddeutschen Logistikpartner<\/li>\n<li class=\"odd\">Durchf\u00fchrung von Zertifizierungen, Pr\u00fcfungen, Zulassungen<\/li>\n<li class=\"even\">Auf Wunsch auch Labeling Ihrer Eigenmarken<\/li>\n<li class=\"odd\">Schulungen in der unternehmenseigenen Schulungsakademie bei Frankfurt<\/li>\n<li class=\"even\">Kundendienst \u00fcber bundesweite Servicepartner<\/li>\n<li class=\"odd\">Vorortservice bei Garantief\u00e4llen<\/li>\n<li class=\"even\">Vorhaltung eines umfangreichen Ersatzteillagers<\/li>\n<\/ul>\n<p>[\/et_pb_text][\/et_pb_column][et_pb_column type=&#8220;1_5&#8243; _builder_version=&#8220;4.23.1&#8243; _module_preset=&#8220;default&#8220; global_colors_info=&#8220;{}&#8220;][\/et_pb_column][\/et_pb_row][\/et_pb_section]<\/p>\n","protected":false},"excerpt":{"rendered":"<p>EINIGE WORTE ZU UNS Der Unternehmensgr\u00fcnder begann 2002 als Dienstleister f\u00fcr Gro\u00dfabnehmer mit dem Import von diversen Produkten. Inzwischen lassen wir in verschiedenen Produktionsl\u00e4ndern nach unseren Vorgaben fertigen \u2013 \u00fcberwacht und kontrolliert von eigenen Mitarbeitern vor Ort. Spezialisiert auf Importware \u00fcbernehmen wir alle Dienstleistungen: von der Beschaffung \u00fcber die Lieferlogistik bis zur Gew\u00e4hrleistung eines bundesweiten Kundendienstes. UNSERE LEISTUNGEN Beratung \u00fcber unsere Service-Hotline Beschaffungsorganisation von der Bestellung bis zur Anlieferung vor Ort Fertigungs\u00fcberwachung und Kontrolle in den Produktionsl\u00e4ndern Logistikmanagement \u00fcber unseren norddeutschen Logistikpartner Durchf\u00fchrung von Zertifizierungen, Pr\u00fcfungen, Zulassungen Auf Wunsch auch Labeling Ihrer Eigenmarken Schulungen in der unternehmenseigenen Schulungsakademie bei Frankfurt Kundendienst \u00fcber bundesweite Servicepartner Vorortservice bei Garantief\u00e4llen Vorhaltung eines umfangreichen Ersatzteillagers<\/p>\n","protected":false},"author":1,"featured_media":0,"parent":0,"menu_order":0,"comment_status":"closed","ping_status":"closed","template":"","meta":{"_et_pb_use_builder":"on","_et_pb_old_content":"","_et_gb_content_width":"","footnotes":""},"class_list":["post-255338","page","type-page","status-publish","hentry"],"_links":{"self":[{"href":"https:\/\/www.klaas-direktimport.de\/index.php?rest_route=\/wp\/v2\/pages\/255338","targetHints":{"allow":["GET"]}}],"collection":[{"href":"https:\/\/www.klaas-direktimport.de\/index.php?rest_route=\/wp\/v2\/pages"}],"about":[{"href":"https:\/\/www.klaas-direktimport.de\/index.php?rest_route=\/wp\/v2\/types\/page"}],"author":[{"embeddable":true,"href":"https:\/\/www.klaas-direktimport.de\/index.php?rest_route=\/wp\/v2\/users\/1"}],"replies":[{"embeddable":true,"href":"https:\/\/www.klaas-direktimport.de\/index.php?rest_route=%2Fwp%2Fv2%2Fcomments&post=255338"}],"version-history":[{"count":4,"href":"https:\/\/www.klaas-direktimport.de\/index.php?rest_route=\/wp\/v2\/pages\/255338\/revisions"}],"predecessor-version":[{"id":255379,"href":"https:\/\/www.klaas-direktimport.de\/index.php?rest_route=\/wp\/v2\/pages\/255338\/revisions\/255379"}],"wp:attachment":[{"href":"https:\/\/www.klaas-direktimport.de\/index.php?rest_route=%2Fwp%2Fv2%2Fmedia&parent=255338"}],"curies":[{"name":"wp","href":"https:\/\/api.w.org\/{rel}","templated":true}]}}